{"id":605,"date":"2025-03-28T12:22:09","date_gmt":"2025-03-28T12:22:09","guid":{"rendered":"https:\/\/zgolubeva.com\/?page_id=605"},"modified":"2026-02-26T10:20:28","modified_gmt":"2026-02-26T10:20:28","slug":"home","status":"publish","type":"page","link":"https:\/\/zgolubeva.com\/lv\/","title":{"rendered":"Home"},"content":{"rendered":"\t\t<div data-elementor-type=\"wp-page\" data-elementor-id=\"605\" class=\"elementor elementor-605\">\n\t\t\t\t<div class=\"elementor-element elementor-element-18a2b74 e-grid e-con-full wpr-particle-no wpr-jarallax-no wpr-parallax-no wpr-sticky-section-no wpr-equal-height-no e-con e-parent\" data-id=\"18a2b74\" data-element_type=\"container\" data-e-type=\"container\">\n\t\t<div class=\"elementor-element elementor-element-7849de5 e-con-full e-flex wpr-particle-no wpr-jarallax-no wpr-parallax-no wpr-sticky-section-no wpr-equal-height-no e-con e-child\" data-id=\"7849de5\" data-element_type=\"container\" data-e-type=\"container\">\n\t\t<div class=\"elementor-element elementor-element-8b22868 e-con-full e-grid wpr-particle-no wpr-jarallax-no wpr-parallax-no wpr-sticky-section-no wpr-equal-height-no e-con e-child\" data-id=\"8b22868\" data-element_type=\"container\" data-e-type=\"container\">\n\t\t<div class=\"elementor-element elementor-element-ede11a8 e-con-full e-flex wpr-particle-no wpr-jarallax-no wpr-parallax-no wpr-sticky-section-no wpr-equal-height-no e-con e-child\" data-id=\"ede11a8\" data-element_type=\"container\" data-e-type=\"container\">\n\t\t\t\t<div class=\"elementor-element elementor-element-0491f50 elementor-widget elementor-widget-heading\" data-id=\"0491f50\" data-element_type=\"widget\" data-e-type=\"widget\" data-widget_type=\"heading.default\">\n\t\t\t\t<div class=\"elementor-widget-container\">\n\t\t\t\t\t<h1 class=\"elementor-heading-title elementor-size-default\">Hi, <br>\nI am Zoja Golubeva \u2014\n<br>multidisciplinary artist<br>with a passion for nature and human bodies <\/h1>\t\t\t\t<\/div>\n\t\t\t\t<\/div>\n\t\t\t\t<div class=\"elementor-element elementor-element-c900c65 elementor-widget elementor-widget-text-editor\" data-id=\"c900c65\" data-element_type=\"widget\" data-e-type=\"widget\" data-widget_type=\"text-editor.default\">\n\t\t\t\t<div class=\"elementor-widget-container\">\n\t\t\t\t\t\t\t\t\t<p>You are invited to explore my world.<\/p>\t\t\t\t\t\t\t\t<\/div>\n\t\t\t\t<\/div>\n\t\t\t\t<div class=\"elementor-element elementor-element-0e2c350 elementor-mobile-align-left elementor-widget elementor-widget-button\" data-id=\"0e2c350\" data-element_type=\"widget\" data-e-type=\"widget\" data-widget_type=\"button.default\">\n\t\t\t\t<div class=\"elementor-widget-container\">\n\t\t\t\t\t\t\t\t\t<div class=\"elementor-button-wrapper\">\n\t\t\t\t\t<a class=\"elementor-button elementor-button-link elementor-size-sm\" href=\"https:\/\/zgolubeva.com\/about\/\">\n\t\t\t\t\t\t<span class=\"elementor-button-content-wrapper\">\n\t\t\t\t\t\t<span class=\"elementor-button-icon\">\n\t\t\t\t<svg xmlns=\"http:\/\/www.w3.org\/2000\/svg\" width=\"800\" height=\"800\" viewBox=\"0 0 800 800\" fill=\"none\"><g clip-path=\"url(#clip0_681_7)\"><path d=\"M9.76297 790.234C22.7802 803.251 43.8864 803.251 56.9036 790.234L733.333 113.805V466.664C733.333 485.073 748.257 499.997 766.666 499.997C785.077 499.997 800 485.073 800 466.664V33.3311C800 32.2326 799.943 31.1358 799.835 30.042C799.786 29.5498 799.694 29.0717 799.624 28.5842C799.54 27.9951 799.471 27.4029 799.354 26.8185C799.243 26.2592 799.09 25.7186 798.95 25.1701C798.824 24.6639 798.713 24.1561 798.561 23.6561C798.399 23.1186 798.197 22.5982 798.008 22.0732C797.829 21.5732 797.665 21.0701 797.461 20.5779C797.258 20.0857 797.018 19.6154 796.791 19.1357C796.552 18.6295 796.327 18.1186 796.061 17.6217C795.815 17.1623 795.535 16.7264 795.268 16.2795C794.977 15.7935 794.702 15.2998 794.385 14.8248C794.055 14.331 793.688 13.8686 793.333 13.3936C793.036 12.9967 792.761 12.5904 792.444 12.2045C791.752 11.3607 791.022 10.5498 790.252 9.77948C790.246 9.77323 790.243 9.767 790.236 9.76231C790.23 9.75606 790.224 9.7514 790.218 9.74515C789.447 8.9764 788.636 8.2467 787.794 7.55451C787.408 7.23732 787.002 6.96233 786.607 6.66702C786.132 6.31233 785.668 5.94357 785.174 5.61388C784.7 5.29669 784.208 5.02169 783.721 4.73106C783.274 4.46387 782.838 4.18419 782.377 3.93732C781.88 3.67169 781.369 3.44668 780.863 3.20761C780.383 2.98105 779.911 2.74202 779.421 2.5389C778.929 2.33577 778.427 2.1717 777.927 1.99201C777.4 1.80295 776.88 1.60137 776.341 1.43731C775.841 1.28575 775.333 1.17482 774.829 1.04826C774.28 0.909195 773.738 0.756077 773.179 0.64514C772.593 0.529515 772.002 0.460769 771.413 0.376394C770.927 0.307644 770.447 0.213879 769.955 0.165442C768.861 0.057629 767.765 -0.000164032 766.668 -0.000164032H333.333C314.924 -0.000164032 300 14.9232 300 33.3326C300 51.742 314.924 66.6654 333.333 66.6654H686.193L9.76297 743.094C-3.25422 756.111 -3.25422 777.215 9.76297 790.234Z\" fill=\"black\"><\/path><\/g><defs><clipPath id=\"clip0_681_7\"><rect width=\"800\" height=\"800\" fill=\"white\"><\/rect><\/clipPath><\/defs><\/svg>\t\t\t<\/span>\n\t\t\t\t\t\t\t\t\t<span class=\"elementor-button-text\">About me<\/span>\n\t\t\t\t\t<\/span>\n\t\t\t\t\t<\/a>\n\t\t\t\t<\/div>\n\t\t\t\t\t\t\t\t<\/div>\n\t\t\t\t<\/div>\n\t\t\t\t<\/div>\n\t\t\t\t<div class=\"elementor-element elementor-element-c96ca94 elementor-widget elementor-widget-image\" data-id=\"c96ca94\" data-element_type=\"widget\" data-e-type=\"widget\" data-widget_type=\"image.default\">\n\t\t\t\t<div class=\"elementor-widget-container\">\n\t\t\t\t\t\t\t\t\t\t\t\t\t\t\t<img fetchpriority=\"high\" decoding=\"async\" width=\"2560\" height=\"2068\" src=\"https:\/\/zgolubeva.com\/wp-content\/uploads\/2026\/02\/Zoja-Golubeva-artist-1-scaled.jpg\" class=\"attachment-full size-full wp-image-1966\" alt=\"\" srcset=\"https:\/\/zgolubeva.com\/wp-content\/uploads\/2026\/02\/Zoja-Golubeva-artist-1-scaled.jpg 2560w, https:\/\/zgolubeva.com\/wp-content\/uploads\/2026\/02\/Zoja-Golubeva-artist-1-300x242.jpg 300w, https:\/\/zgolubeva.com\/wp-content\/uploads\/2026\/02\/Zoja-Golubeva-artist-1-1024x827.jpg 1024w, https:\/\/zgolubeva.com\/wp-content\/uploads\/2026\/02\/Zoja-Golubeva-artist-1-768x620.jpg 768w, https:\/\/zgolubeva.com\/wp-content\/uploads\/2026\/02\/Zoja-Golubeva-artist-1-1536x1241.jpg 1536w, https:\/\/zgolubeva.com\/wp-content\/uploads\/2026\/02\/Zoja-Golubeva-artist-1-2048x1654.jpg 2048w\" sizes=\"(max-width: 2560px) 100vw, 2560px\" \/>\t\t\t\t\t\t\t\t\t\t\t\t\t\t\t<\/div>\n\t\t\t\t<\/div>\n\t\t\t\t<\/div>\n\t\t\t\t<\/div>\n\t\t\t\t<\/div>\n\t\t<div class=\"elementor-element elementor-element-e9cc013 e-grid e-con-full wpr-particle-no wpr-jarallax-no wpr-parallax-no wpr-sticky-section-no wpr-equal-height-no e-con e-parent\" data-id=\"e9cc013\" data-element_type=\"container\" data-e-type=\"container\">\n\t\t\t\t<div class=\"elementor-element elementor-element-f71ba1d elementor-widget elementor-widget-heading\" data-id=\"f71ba1d\" data-element_type=\"widget\" data-e-type=\"widget\" data-widget_type=\"heading.default\">\n\t\t\t\t<div class=\"elementor-widget-container\">\n\t\t\t\t\t<h2 class=\"elementor-heading-title elementor-size-default\">Inspired by the world around me<\/h2>\t\t\t\t<\/div>\n\t\t\t\t<\/div>\n\t\t<div class=\"elementor-element elementor-element-beef9b4 e-con-full e-flex wpr-particle-no wpr-jarallax-no wpr-parallax-no wpr-sticky-section-no wpr-equal-height-no e-con e-child\" data-id=\"beef9b4\" data-element_type=\"container\" data-e-type=\"container\">\n\t\t\t\t<div class=\"elementor-element elementor-element-4ec2f60 elementor-widget elementor-widget-text-editor\" data-id=\"4ec2f60\" data-element_type=\"widget\" data-e-type=\"widget\" data-widget_type=\"text-editor.default\">\n\t\t\t\t<div class=\"elementor-widget-container\">\n\t\t\t\t\t\t\t\t\t<p>My paintings are an exploration of emotion \u2013 landscapes and still lifes become mirrors of my inner world. I am deeply drawn to human expression, captivated by the stories told through faces, gestures, and personalities, which fuels my passion for portraiture and figurative works. Constantly seeking fresh artistic horizons, I experiment with diverse mediums\u2014paper, wood, metal, natural elements, and plastic\u2014to push the boundaries of texture, form, and technique.<\/p>\t\t\t\t\t\t\t\t<\/div>\n\t\t\t\t<\/div>\n\t\t\t\t<\/div>\n\t\t<div class=\"elementor-element elementor-element-e13c976 e-con-full e-flex wpr-particle-no wpr-jarallax-no wpr-parallax-no wpr-sticky-section-no wpr-equal-height-no e-con e-child\" data-id=\"e13c976\" data-element_type=\"container\" data-e-type=\"container\">\n\t\t\t\t<div class=\"elementor-element elementor-element-6d4f7fe elementor-widget__width-initial elementor-widget-tablet__width-initial animated-fast elementor-invisible elementor-widget elementor-widget-elementskit-blog-posts\" data-id=\"6d4f7fe\" data-element_type=\"widget\" data-e-type=\"widget\" data-settings=\"{&quot;_animation&quot;:&quot;fadeInUp&quot;}\" data-widget_type=\"elementskit-blog-posts.default\">\n\t\t\t\t<div class=\"elementor-widget-container\">\n\t\t\t\t\t<div class=\"ekit-wid-con\" >        <div id=\"post-items--6d4f7fe\" class=\"row post-items\" data-masonry-config=\"true\">\n                    <div class=\"col-lg-4 col-md-6\">\n\n                                    <div class=\"elementskit-post-image-card\">\n                        <div class=\"elementskit-entry-header\">\n                                                            <a href=\"https:\/\/zgolubeva.com\/lv\/self-dimention-2-2-2-2-2-2-2-2-2-2-2-2-2-2-2-2-2-2-2-2-2-2-2-2-2-2-2-2-2-3-2-2-2-2-2-2\/\" class=\"elementskit-entry-thumb\">\n                                    <img decoding=\"async\" src=\"https:\/\/zgolubeva.com\/wp-content\/uploads\/2026\/02\/Eve-2025-fungi-oil-paper-wood-103x71cm-Zoja-Golubeva-scaled.jpg\" alt=\"Eve 2025 103x71 cm Micopainting\">\n                                <\/a><!-- .elementskit-entry-thumb END -->\n                                                            \n                            \n\t\t\t\t\t\t\t\t\t\t\t\t\t<\/div><!-- .elementskit-entry-header END -->\n\n\t\t\t\t\t\t<div class=\"elementskit-post-body \">\n\t\t\t\t\t\t\t\n\t\t\t\t\t\t\t\t\t\t\t\t\t\t\t\t\t\t\t\t\t\t\t\t\t\n\t\t\t\t\t\t\t\t\n\t\t\t\t\t\t\t\t\t\t\t\t\t\t\t\t\t\t\t\t\t<h2 class=\"entry-title\">\n\t\t\t\t\t<a href=\"https:\/\/zgolubeva.com\/lv\/self-dimention-2-2-2-2-2-2-2-2-2-2-2-2-2-2-2-2-2-2-2-2-2-2-2-2-2-2-2-2-2-3-2-2-2-2-2-2\/\">\n\t\t\t\t\t\tEve 2025 103x71 cm Micopainting\t\t\t\t\t<\/a>\n\t\t\t\t<\/h2>\n\t\t\t\t\t\t\t\t\t\t\t\t\t\t\t\t\t\t\t\t\t\t\t\t\t\t\t\t\t\t\t\t                                                    <\/div><!-- .elementskit-post-body END -->\n                    <\/div>\n                \n            <\/div>\n                    <div class=\"col-lg-4 col-md-6\">\n\n                                    <div class=\"elementskit-post-image-card\">\n                        <div class=\"elementskit-entry-header\">\n                                                            <a href=\"https:\/\/zgolubeva.com\/lv\/self-dimention-2-2-2-2-2-2-2-2-2-2-2-2-2-2-2-2-2-2-2-2-2-2-2-2-2-2-2-2-2-3-2-2\/\" class=\"elementskit-entry-thumb\">\n                                    <img decoding=\"async\" src=\"https:\/\/zgolubeva.com\/wp-content\/uploads\/2026\/02\/Iceland-2025-fungi-oil-cotton-wood-59x80cm-Zoja-Golubeva-scaled.jpg\" alt=\"Iceland 2025 80x59 cm Micopainting\">\n                                <\/a><!-- .elementskit-entry-thumb END -->\n                                                            \n                            \n\t\t\t\t\t\t\t\t\t\t\t\t\t<\/div><!-- .elementskit-entry-header END -->\n\n\t\t\t\t\t\t<div class=\"elementskit-post-body \">\n\t\t\t\t\t\t\t\n\t\t\t\t\t\t\t\t\t\t\t\t\t\t\t\t\t\t\t\t\t\t\t\t\t\n\t\t\t\t\t\t\t\t\n\t\t\t\t\t\t\t\t\t\t\t\t\t\t\t\t\t\t\t\t\t<h2 class=\"entry-title\">\n\t\t\t\t\t<a href=\"https:\/\/zgolubeva.com\/lv\/self-dimention-2-2-2-2-2-2-2-2-2-2-2-2-2-2-2-2-2-2-2-2-2-2-2-2-2-2-2-2-2-3-2-2\/\">\n\t\t\t\t\t\tIceland 2025 80x59 cm Micopainting\t\t\t\t\t<\/a>\n\t\t\t\t<\/h2>\n\t\t\t\t\t\t\t\t\t\t\t\t\t\t\t\t\t\t\t\t\t\t\t\t\t\t\t\t\t\t\t\t                                                    <\/div><!-- .elementskit-post-body END -->\n                    <\/div>\n                \n            <\/div>\n                    <div class=\"col-lg-4 col-md-6\">\n\n                                    <div class=\"elementskit-post-image-card\">\n                        <div class=\"elementskit-entry-header\">\n                                                            <a href=\"https:\/\/zgolubeva.com\/lv\/self-dimention\/\" class=\"elementskit-entry-thumb\">\n                                    <img decoding=\"async\" src=\"https:\/\/zgolubeva.com\/wp-content\/uploads\/2024\/09\/SelfDimention-2018-2x12x10-m-mixed-media-1-scaled.jpg\" alt=\"Self Dimension\">\n                                <\/a><!-- .elementskit-entry-thumb END -->\n                                                            \n                            \n\t\t\t\t\t\t\t\t\t\t\t\t\t<\/div><!-- .elementskit-entry-header END -->\n\n\t\t\t\t\t\t<div class=\"elementskit-post-body \">\n\t\t\t\t\t\t\t\n\t\t\t\t\t\t\t\t\t\t\t\t\t\t\t\t\t\t\t\t\t\t\t\t\t\n\t\t\t\t\t\t\t\t\n\t\t\t\t\t\t\t\t\t\t\t\t\t\t\t\t\t\t\t\t\t<h2 class=\"entry-title\">\n\t\t\t\t\t<a href=\"https:\/\/zgolubeva.com\/lv\/self-dimention\/\">\n\t\t\t\t\t\tSelf Dimension\t\t\t\t\t<\/a>\n\t\t\t\t<\/h2>\n\t\t\t\t\t\t\t\t\t\t\t\t\t\t\t\t\t\t\t\t\t\t\t\t\t\t\t\t\t\t\t\t                                                    <\/div><!-- .elementskit-post-body END -->\n                    <\/div>\n                \n            <\/div>\n                <\/div>\n       <\/div>\t\t\t\t<\/div>\n\t\t\t\t<\/div>\n\t\t\t\t<div class=\"elementor-element elementor-element-8a397eb elementor-align-right elementor-mobile-align-left elementor-widget elementor-widget-button\" data-id=\"8a397eb\" data-element_type=\"widget\" data-e-type=\"widget\" data-widget_type=\"button.default\">\n\t\t\t\t<div class=\"elementor-widget-container\">\n\t\t\t\t\t\t\t\t\t<div class=\"elementor-button-wrapper\">\n\t\t\t\t\t<a class=\"elementor-button elementor-button-link elementor-size-sm\" href=\"https:\/\/zgolubeva.com\/works\/\">\n\t\t\t\t\t\t<span class=\"elementor-button-content-wrapper\">\n\t\t\t\t\t\t<span class=\"elementor-button-icon\">\n\t\t\t\t<svg xmlns=\"http:\/\/www.w3.org\/2000\/svg\" width=\"800\" height=\"800\" viewBox=\"0 0 800 800\" fill=\"none\"><g clip-path=\"url(#clip0_681_7)\"><path d=\"M9.76297 790.234C22.7802 803.251 43.8864 803.251 56.9036 790.234L733.333 113.805V466.664C733.333 485.073 748.257 499.997 766.666 499.997C785.077 499.997 800 485.073 800 466.664V33.3311C800 32.2326 799.943 31.1358 799.835 30.042C799.786 29.5498 799.694 29.0717 799.624 28.5842C799.54 27.9951 799.471 27.4029 799.354 26.8185C799.243 26.2592 799.09 25.7186 798.95 25.1701C798.824 24.6639 798.713 24.1561 798.561 23.6561C798.399 23.1186 798.197 22.5982 798.008 22.0732C797.829 21.5732 797.665 21.0701 797.461 20.5779C797.258 20.0857 797.018 19.6154 796.791 19.1357C796.552 18.6295 796.327 18.1186 796.061 17.6217C795.815 17.1623 795.535 16.7264 795.268 16.2795C794.977 15.7935 794.702 15.2998 794.385 14.8248C794.055 14.331 793.688 13.8686 793.333 13.3936C793.036 12.9967 792.761 12.5904 792.444 12.2045C791.752 11.3607 791.022 10.5498 790.252 9.77948C790.246 9.77323 790.243 9.767 790.236 9.76231C790.23 9.75606 790.224 9.7514 790.218 9.74515C789.447 8.9764 788.636 8.2467 787.794 7.55451C787.408 7.23732 787.002 6.96233 786.607 6.66702C786.132 6.31233 785.668 5.94357 785.174 5.61388C784.7 5.29669 784.208 5.02169 783.721 4.73106C783.274 4.46387 782.838 4.18419 782.377 3.93732C781.88 3.67169 781.369 3.44668 780.863 3.20761C780.383 2.98105 779.911 2.74202 779.421 2.5389C778.929 2.33577 778.427 2.1717 777.927 1.99201C777.4 1.80295 776.88 1.60137 776.341 1.43731C775.841 1.28575 775.333 1.17482 774.829 1.04826C774.28 0.909195 773.738 0.756077 773.179 0.64514C772.593 0.529515 772.002 0.460769 771.413 0.376394C770.927 0.307644 770.447 0.213879 769.955 0.165442C768.861 0.057629 767.765 -0.000164032 766.668 -0.000164032H333.333C314.924 -0.000164032 300 14.9232 300 33.3326C300 51.742 314.924 66.6654 333.333 66.6654H686.193L9.76297 743.094C-3.25422 756.111 -3.25422 777.215 9.76297 790.234Z\" fill=\"black\"><\/path><\/g><defs><clipPath id=\"clip0_681_7\"><rect width=\"800\" height=\"800\" fill=\"white\"><\/rect><\/clipPath><\/defs><\/svg>\t\t\t<\/span>\n\t\t\t\t\t\t\t\t\t<span class=\"elementor-button-text\">See my artworks<\/span>\n\t\t\t\t\t<\/span>\n\t\t\t\t\t<\/a>\n\t\t\t\t<\/div>\n\t\t\t\t\t\t\t\t<\/div>\n\t\t\t\t<\/div>\n\t\t\t\t<\/div>\n\t\t\t\t<\/div>\n\t\t<div class=\"elementor-element elementor-element-3cc8da8 e-flex e-con-boxed wpr-particle-no wpr-jarallax-no wpr-parallax-no wpr-sticky-section-no wpr-equal-height-no e-con e-parent\" data-id=\"3cc8da8\" data-element_type=\"container\" data-e-type=\"container\">\n\t\t\t\t\t<div class=\"e-con-inner\">\n\t\t\t\t\t<\/div>\n\t\t\t\t<\/div>\n\t\t<div class=\"elementor-element elementor-element-f0b0b4f e-con-full e-flex wpr-particle-no wpr-jarallax-no wpr-parallax-no wpr-sticky-section-no wpr-equal-height-no e-con e-parent\" data-id=\"f0b0b4f\" data-element_type=\"container\" data-e-type=\"container\">\n\t\t\t\t<div class=\"elementor-element elementor-element-9c23934 elementor-widget elementor-widget-heading\" data-id=\"9c23934\" data-element_type=\"widget\" data-e-type=\"widget\" data-widget_type=\"heading.default\">\n\t\t\t\t<div class=\"elementor-widget-container\">\n\t\t\t\t\t<h2 class=\"elementor-heading-title elementor-size-default\">Latest Exhibitions<\/h2>\t\t\t\t<\/div>\n\t\t\t\t<\/div>\n\t\t\t\t<div class=\"elementor-element elementor-element-61c7ace elementor-widget__width-initial elementor-widget-tablet__width-initial animated-fast elementor-invisible elementor-widget elementor-widget-elementskit-blog-posts\" data-id=\"61c7ace\" data-element_type=\"widget\" data-e-type=\"widget\" data-settings=\"{&quot;_animation&quot;:&quot;fadeInUp&quot;}\" data-widget_type=\"elementskit-blog-posts.default\">\n\t\t\t\t<div class=\"elementor-widget-container\">\n\t\t\t\t\t<div class=\"ekit-wid-con\" >        <div id=\"post-items--61c7ace\" class=\"row post-items\">\n                    <div class=\"col-lg-4 col-md-6\">\n\n                                    <div class=\"elementskit-post-image-card\">\n                        <div class=\"elementskit-entry-header\">\n                                                            <a href=\"https:\/\/zgolubeva.com\/lv\/exhibition-as-if-we-had-nothing-to-be-afraid-of\/\" class=\"elementskit-entry-thumb\">\n                                    <img decoding=\"async\" src=\"https:\/\/zgolubeva.com\/wp-content\/uploads\/2026\/02\/Plakat-ENG-AS-IF-WE-HAD-NOTHING-TO-BE-AFRAID-OF-1-724x1024.jpg\" alt=\"AS IF WE HAD NOTHING TO BE AFRAID OF\">\n                                <\/a><!-- .elementskit-entry-thumb END -->\n                                                            \n                            \n\t\t\t\t\t\t\t\t\t\t\t\t\t<\/div><!-- .elementskit-entry-header END -->\n\n\t\t\t\t\t\t<div class=\"elementskit-post-body \">\n\t\t\t\t\t\t\t\n\t\t\t\t\t\t\t\t\t\t\t\t\t\t\t\t\t\t\t\t\t\t\t\t\t\n\t\t\t\t\t\t\t\t\n\t\t\t\t\t\t\t\t\t\t\t\t\t\t\t\t\t\t\t\t\t<h2 class=\"entry-title\">\n\t\t\t\t\t<a href=\"https:\/\/zgolubeva.com\/lv\/exhibition-as-if-we-had-nothing-to-be-afraid-of\/\">\n\t\t\t\t\t\tAS IF WE HAD NOTHING TO BE AFRAID OF\t\t\t\t\t<\/a>\n\t\t\t\t<\/h2>\n\t\t\t\t\t\t\t\t\t\t\t\t\t\t\t\t\t\t\t\t\t\t\t\t\t\t\t\t\t\t\t\t                                                    <\/div><!-- .elementskit-post-body END -->\n                    <\/div>\n                \n            <\/div>\n                    <div class=\"col-lg-4 col-md-6\">\n\n                                    <div class=\"elementskit-post-image-card\">\n                        <div class=\"elementskit-entry-header\">\n                                                            <a href=\"https:\/\/zgolubeva.com\/lv\/exhibition-unveiled-nude\/\" class=\"elementskit-entry-thumb\">\n                                    <img decoding=\"async\" src=\"https:\/\/zgolubeva.com\/wp-content\/uploads\/2026\/02\/20250108_131526-768x1024.jpg\" alt=\"Unveiled nude\">\n                                <\/a><!-- .elementskit-entry-thumb END -->\n                                                            \n                            \n\t\t\t\t\t\t\t\t\t\t\t\t\t<\/div><!-- .elementskit-entry-header END -->\n\n\t\t\t\t\t\t<div class=\"elementskit-post-body \">\n\t\t\t\t\t\t\t\n\t\t\t\t\t\t\t\t\t\t\t\t\t\t\t\t\t\t\t\t\t\t\t\t\t\n\t\t\t\t\t\t\t\t\n\t\t\t\t\t\t\t\t\t\t\t\t\t\t\t\t\t\t\t\t\t<h2 class=\"entry-title\">\n\t\t\t\t\t<a href=\"https:\/\/zgolubeva.com\/lv\/exhibition-unveiled-nude\/\">\n\t\t\t\t\t\tUnveiled nude\t\t\t\t\t<\/a>\n\t\t\t\t<\/h2>\n\t\t\t\t\t\t\t\t\t\t\t\t\t\t\t\t\t\t\t\t\t\t\t\t\t\t\t\t\t\t\t\t                                                    <\/div><!-- .elementskit-post-body END -->\n                    <\/div>\n                \n            <\/div>\n                    <div class=\"col-lg-4 col-md-6\">\n\n                                    <div class=\"elementskit-post-image-card\">\n                        <div class=\"elementskit-entry-header\">\n                                                            <a href=\"https:\/\/zgolubeva.com\/lv\/exhibition\/\" class=\"elementskit-entry-thumb\">\n                                    <img decoding=\"async\" src=\"https:\/\/zgolubeva.com\/wp-content\/uploads\/2024\/09\/20240711_200234-760x1024.jpg\" alt=\"Nodil\u016b\u0161as v\u0113lmes\">\n                                <\/a><!-- .elementskit-entry-thumb END -->\n                                                            \n                            \n\t\t\t\t\t\t\t\t\t\t\t\t\t<\/div><!-- .elementskit-entry-header END -->\n\n\t\t\t\t\t\t<div class=\"elementskit-post-body \">\n\t\t\t\t\t\t\t\n\t\t\t\t\t\t\t\t\t\t\t\t\t\t\t\t\t\t\t\t\t\t\t\t\t\n\t\t\t\t\t\t\t\t\n\t\t\t\t\t\t\t\t\t\t\t\t\t\t\t\t\t\t\t\t\t<h2 class=\"entry-title\">\n\t\t\t\t\t<a href=\"https:\/\/zgolubeva.com\/lv\/exhibition\/\">\n\t\t\t\t\t\tNodil\u016b\u0161as v\u0113lmes\t\t\t\t\t<\/a>\n\t\t\t\t<\/h2>\n\t\t\t\t\t\t\t\t\t\t\t\t\t\t\t\t\t\t\t\t\t\t\t\t\t\t\t\t\t\t\t\t                                                    <\/div><!-- .elementskit-post-body END -->\n                    <\/div>\n                \n            <\/div>\n                <\/div>\n       <\/div>\t\t\t\t<\/div>\n\t\t\t\t<\/div>\n\t\t\t\t<\/div>\n\t\t\t\t<\/div>\n\t\t","protected":false},"excerpt":{"rendered":"<p>Nodil\u016b\u0161as v\u0113lmes &#8211; 2024 20240719_143704 20240711_200235 20240719_143727 20240719_143743 20240829_193407 20240829_193509 Exhibition description&#8230;<\/p>\n","protected":false},"author":1,"featured_media":0,"parent":0,"menu_order":0,"comment_status":"closed","ping_status":"closed","template":"","meta":{"_acf_changed":false,"wpupg_custom_link":[],"wpupg_custom_link_behaviour":[],"wpupg_custom_link_nofollow":[],"wpupg_custom_image":[],"wpupg_custom_image_id":[],"footnotes":""},"class_list":["post-605","page","type-page","status-publish","hentry"],"acf":[],"_links":{"self":[{"href":"https:\/\/zgolubeva.com\/lv\/wp-json\/wp\/v2\/pages\/605","targetHints":{"allow":["GET"]}}],"collection":[{"href":"https:\/\/zgolubeva.com\/lv\/wp-json\/wp\/v2\/pages"}],"about":[{"href":"https:\/\/zgolubeva.com\/lv\/wp-json\/wp\/v2\/types\/page"}],"author":[{"embeddable":true,"href":"https:\/\/zgolubeva.com\/lv\/wp-json\/wp\/v2\/users\/1"}],"replies":[{"embeddable":true,"href":"https:\/\/zgolubeva.com\/lv\/wp-json\/wp\/v2\/comments?post=605"}],"version-history":[{"count":160,"href":"https:\/\/zgolubeva.com\/lv\/wp-json\/wp\/v2\/pages\/605\/revisions"}],"predecessor-version":[{"id":1976,"href":"https:\/\/zgolubeva.com\/lv\/wp-json\/wp\/v2\/pages\/605\/revisions\/1976"}],"wp:attachment":[{"href":"https:\/\/zgolubeva.com\/lv\/wp-json\/wp\/v2\/media?parent=605"}],"curies":[{"name":"wp","href":"https:\/\/api.w.org\/{rel}","templated":true}]}}